{"id":61,"date":"2026-03-20T16:57:04","date_gmt":"2026-03-20T16:57:04","guid":{"rendered":"https:\/\/frbio.blogs.ruhr-uni-bochum.de\/?page_id=61"},"modified":"2026-03-20T16:57:20","modified_gmt":"2026-03-20T16:57:20","slug":"moodle","status":"publish","type":"page","link":"https:\/\/frbio.blogs.ruhr-uni-bochum.de\/index.php\/moodle\/","title":{"rendered":"Moodle"},"content":{"rendered":"\n<p>Der Fachschaftsrat bietet einen Moodle Kurs mit n\u00fctzlichen Informationen f\u00fcr Student:innen an. <\/p>\n\n\n\n<p>Unter anderem bieten wir Zugang zu:<br><\/p>\n\n\n\n<ul class=\"wp-block-list\">\n<li>Altklausuren der Biologie GMP (Probeklausuren, und GMP bis zum Jahr 2016)<\/li>\n\n\n\n<li>Studenteninitiativen<\/li>\n\n\n\n<li>Stellenausschreibungen<\/li>\n\n\n\n<li>unterhaltsame Memes<\/li>\n\n\n\n<li>Infos zu Projekten wie Erstifahrten, Biopartys etc.<br><\/li>\n<\/ul>\n\n\n\n<p><br>Um dort eingeschrieben werden zu k\u00f6nnen muss unser Online-Formular ausgef\u00fcllt werden. Eine lokale Ausf\u00fcllung in den R\u00e4umlichkeiten des FSRs ist auch weiterhin m\u00f6glich. Die Einschreibung kann bis zu zwei Wochen dauern, je nach Zeitpunkt.<br><\/p>\n","protected":false},"excerpt":{"rendered":"<p>Der Fachschaftsrat bietet einen Moodle Kurs mit n\u00fctzlichen Informationen f\u00fcr Student:innen an. Unter anderem bieten wir Zugang zu: Um dort eingeschrieben werden zu k\u00f6nnen muss unser Online-Formular ausgef\u00fcllt werden. Eine lokale Ausf\u00fcllung in den R\u00e4umlichkeiten des FSRs ist auch weiterhin m\u00f6glich. Die Einschreibung kann bis zu zwei Wochen dauern, je nach Zeitpunkt.<\/p>\n","protected":false},"author":1,"featured_media":0,"parent":0,"menu_order":0,"comment_status":"closed","ping_status":"closed","template":"","meta":{"footnotes":""},"class_list":["post-61","page","type-page","status-publish","hentry"],"_links":{"self":[{"href":"https:\/\/frbio.blogs.ruhr-uni-bochum.de\/index.php\/wp-json\/wp\/v2\/pages\/61","targetHints":{"allow":["GET"]}}],"collection":[{"href":"https:\/\/frbio.blogs.ruhr-uni-bochum.de\/index.php\/wp-json\/wp\/v2\/pages"}],"about":[{"href":"https:\/\/frbio.blogs.ruhr-uni-bochum.de\/index.php\/wp-json\/wp\/v2\/types\/page"}],"author":[{"embeddable":true,"href":"https:\/\/frbio.blogs.ruhr-uni-bochum.de\/index.php\/wp-json\/wp\/v2\/users\/1"}],"replies":[{"embeddable":true,"href":"https:\/\/frbio.blogs.ruhr-uni-bochum.de\/index.php\/wp-json\/wp\/v2\/comments?post=61"}],"version-history":[{"count":3,"href":"https:\/\/frbio.blogs.ruhr-uni-bochum.de\/index.php\/wp-json\/wp\/v2\/pages\/61\/revisions"}],"predecessor-version":[{"id":64,"href":"https:\/\/frbio.blogs.ruhr-uni-bochum.de\/index.php\/wp-json\/wp\/v2\/pages\/61\/revisions\/64"}],"wp:attachment":[{"href":"https:\/\/frbio.blogs.ruhr-uni-bochum.de\/index.php\/wp-json\/wp\/v2\/media?parent=61"}],"curies":[{"name":"wp","href":"https:\/\/api.w.org\/{rel}","templated":true}]}}