{"id":201,"date":"2026-04-06T16:11:26","date_gmt":"2026-04-06T16:11:26","guid":{"rendered":"https:\/\/frbio.blogs.ruhr-uni-bochum.de\/?page_id=201"},"modified":"2026-04-06T16:11:26","modified_gmt":"2026-04-06T16:11:26","slug":"ueber-uns","status":"publish","type":"page","link":"https:\/\/frbio.blogs.ruhr-uni-bochum.de\/index.php\/ueber-uns\/","title":{"rendered":"\u00dcber uns"},"content":{"rendered":"\n<p><strong>Fachschaftsrat? Was ist das?<\/strong><\/p>\n\n\n\n<p>Der Fachschaftsrat (FSR oder FR) ist die Vertretung der Fachschaft.<\/p>\n\n\n\n<p><strong>Fachschaft? Was ist das?<\/strong><br><br>Die Fachschaft umfasst alle Studierenden der Studieng\u00e4nge, die an der Fakult\u00e4t f\u00fcr Biologie und Biotechnologie der RUB angeboten werden.<\/p>\n\n\n\n<p><strong>Wof\u00fcr ist der Fachschaftsrat da?<\/strong><\/p>\n\n\n\n<p>Die Hauptaufgabe des Fachschaftsrates ist, die Interessen der Fachschaft (der Studierenden) zu vertreten. Daf\u00fcr gehen wir zum Beispiel regelm\u00e4\u00dfig in die Gremien unserer Fakult\u00e4t, um \u00fcber Entwicklungen innerhalb der Fakult\u00e4t informiert zu sein und, wenn n\u00f6tig, eingreifen zu k\u00f6nnen. Au\u00dferdem k\u00f6nnt Ihr uns einschalten, wenn Ihr Probleme mit Professor:innen oder sonstigen in der Lehre besch\u00e4ftigten Personen habt.<br><br>Neben den offiziellen Gesch\u00e4ften bieten wir nat\u00fcrlich noch M\u00f6glichkeiten f\u00fcrs \u201eSocializing\u201c an. Daf\u00fcr veranstalten wir beispielsweise Grillfeiern, Weihnachtsfeiern, Spieleabende und je nach Zeitkontingent der Mitglieder auch Biofahrten oder Partys.<\/p>\n","protected":false},"excerpt":{"rendered":"<p>Fachschaftsrat? Was ist das? Der Fachschaftsrat (FSR oder FR) ist die Vertretung der Fachschaft. Fachschaft? Was ist das? Die Fachschaft [&hellip;]<\/p>\n","protected":false},"author":1,"featured_media":0,"parent":0,"menu_order":0,"comment_status":"closed","ping_status":"closed","template":"","meta":{"site-sidebar-layout":"default","site-content-layout":"","ast-site-content-layout":"default","site-content-style":"default","site-sidebar-style":"default","ast-global-header-display":"","ast-banner-title-visibility":"","ast-main-header-display":"","ast-hfb-above-header-display":"","ast-hfb-below-header-display":"","ast-hfb-mobile-header-display":"","site-post-title":"","ast-breadcrumbs-content":"","ast-featured-img":"","footer-sml-layout":"","ast-disable-related-posts":"","theme-transparent-header-meta":"","adv-header-id-meta":"","stick-header-meta":"","header-above-stick-meta":"","header-main-stick-meta":"","header-below-stick-meta":"","astra-migrate-meta-layouts":"default","ast-page-background-enabled":"default","ast-page-background-meta":{"desktop":{"background-color":"var(--ast-global-color-5)","background-image":"","background-repeat":"repeat","background-position":"center center","background-size":"auto","background-attachment":"scroll","background-type":"","background-media":"","overlay-type":"","overlay-color":"","overlay-opacity":"","overlay-gradient":""},"tablet":{"background-color":"","background-image":"","background-repeat":"repeat","background-position":"center center","background-size":"auto","background-attachment":"scroll","background-type":"","background-media":"","overlay-type":"","overlay-color":"","overlay-opacity":"","overlay-gradient":""},"mobile":{"background-color":"","background-image":"","background-repeat":"repeat","background-position":"center center","background-size":"auto","background-attachment":"scroll","background-type":"","background-media":"","overlay-type":"","overlay-color":"","overlay-opacity":"","overlay-gradient":""}},"ast-content-background-meta":{"desktop":{"background-color":"var(--ast-global-color-4)","background-image":"","background-repeat":"repeat","background-position":"center center","background-size":"auto","background-attachment":"scroll","background-type":"","background-media":"","overlay-type":"","overlay-color":"","overlay-opacity":"","overlay-gradient":""},"tablet":{"background-color":"var(--ast-global-color-4)","background-image":"","background-repeat":"repeat","background-position":"center center","background-size":"auto","background-attachment":"scroll","background-type":"","background-media":"","overlay-type":"","overlay-color":"","overlay-opacity":"","overlay-gradient":""},"mobile":{"background-color":"var(--ast-global-color-4)","background-image":"","background-repeat":"repeat","background-position":"center center","background-size":"auto","background-attachment":"scroll","background-type":"","background-media":"","overlay-type":"","overlay-color":"","overlay-opacity":"","overlay-gradient":""}},"footnotes":""},"class_list":["post-201","page","type-page","status-publish","hentry"],"_links":{"self":[{"href":"https:\/\/frbio.blogs.ruhr-uni-bochum.de\/index.php\/wp-json\/wp\/v2\/pages\/201","targetHints":{"allow":["GET"]}}],"collection":[{"href":"https:\/\/frbio.blogs.ruhr-uni-bochum.de\/index.php\/wp-json\/wp\/v2\/pages"}],"about":[{"href":"https:\/\/frbio.blogs.ruhr-uni-bochum.de\/index.php\/wp-json\/wp\/v2\/types\/page"}],"author":[{"embeddable":true,"href":"https:\/\/frbio.blogs.ruhr-uni-bochum.de\/index.php\/wp-json\/wp\/v2\/users\/1"}],"replies":[{"embeddable":true,"href":"https:\/\/frbio.blogs.ruhr-uni-bochum.de\/index.php\/wp-json\/wp\/v2\/comments?post=201"}],"version-history":[{"count":1,"href":"https:\/\/frbio.blogs.ruhr-uni-bochum.de\/index.php\/wp-json\/wp\/v2\/pages\/201\/revisions"}],"predecessor-version":[{"id":202,"href":"https:\/\/frbio.blogs.ruhr-uni-bochum.de\/index.php\/wp-json\/wp\/v2\/pages\/201\/revisions\/202"}],"wp:attachment":[{"href":"https:\/\/frbio.blogs.ruhr-uni-bochum.de\/index.php\/wp-json\/wp\/v2\/media?parent=201"}],"curies":[{"name":"wp","href":"https:\/\/api.w.org\/{rel}","templated":true}]}}