{"id":194,"date":"2026-04-06T15:56:37","date_gmt":"2026-04-06T15:56:37","guid":{"rendered":"https:\/\/frbio.blogs.ruhr-uni-bochum.de\/?page_id=194"},"modified":"2026-04-06T15:56:37","modified_gmt":"2026-04-06T15:56:37","slug":"kontakt","status":"publish","type":"page","link":"https:\/\/frbio.blogs.ruhr-uni-bochum.de\/index.php\/kontakt\/","title":{"rendered":"Kontakt"},"content":{"rendered":"\n<p><strong>Fachschaftsrat Biologie\/Biotechnologie<\/strong><br>ND 03\/69<br>Tel: 0234 32-23139<br>Mail: frbio@rub.de<br>Triff uns auf <a href=\"https:\/\/www.facebook.com\/FRbiologieRUB\/reels\/\">Facebook<\/a><br>Oder triff uns auf <a href=\"https:\/\/www.instagram.com\/fsrbiorub\/?hl=de\">Instagram!<\/a><\/p>\n\n\n\n<p><strong>Bibliothek Biologie und Biotechnologie<\/strong>: ND 04\/495<\/p>\n\n\n\n<h5 class=\"wp-block-heading\"><strong>Unsere Lernr\u00e4ume<\/strong><\/h5>\n\n\n\n<p>Seit Neuem haben wir unser Lernraumangebot erweitert! Auf Etage 03 stehen Euch jetzt 2 Gruppenarbeitsr\u00e4ume und ein Stillarbeitsraum zur Verf\u00fcgung. Der Einzelne Couch Lernraum auf Ebene 05 ist auch geblieben. Hier finden jeweils 8\u201312 Studierende Platz.<\/p>\n\n\n\n<ul class=\"wp-block-list\">\n<li>ND 03\/72<\/li>\n\n\n\n<li>ND 03\/71<\/li>\n\n\n\n<li>ND 03\/68<\/li>\n\n\n\n<li>ND 05\/56<\/li>\n<\/ul>\n\n\n\n<p>Die R\u00e4ume sind in den Vorlesungszeiten von morgens bis abends ge\u00f6ffnet. Grunds\u00e4tzlich versuchen wir den Raum durchgehend ge\u00f6ffnet zu lassen, allerdings machen uns die Putzkr\u00e4fte manchmal einen Strich durch die Rechnung.<br><\/p>\n","protected":false},"excerpt":{"rendered":"<p>Fachschaftsrat Biologie\/BiotechnologieND 03\/69Tel: 0234 32-23139Mail: frbio@rub.deTriff uns auf FacebookOder triff uns auf Instagram! Bibliothek Biologie und Biotechnologie: ND 04\/495 Unsere [&hellip;]<\/p>\n","protected":false},"author":1,"featured_media":0,"parent":0,"menu_order":0,"comment_status":"closed","ping_status":"closed","template":"","meta":{"site-sidebar-layout":"default","site-content-layout":"","ast-site-content-layout":"default","site-content-style":"default","site-sidebar-style":"default","ast-global-header-display":"","ast-banner-title-visibility":"","ast-main-header-display":"","ast-hfb-above-header-display":"","ast-hfb-below-header-display":"","ast-hfb-mobile-header-display":"","site-post-title":"","ast-breadcrumbs-content":"","ast-featured-img":"","footer-sml-layout":"","ast-disable-related-posts":"","theme-transparent-header-meta":"","adv-header-id-meta":"","stick-header-meta":"","header-above-stick-meta":"","header-main-stick-meta":"","header-below-stick-meta":"","astra-migrate-meta-layouts":"default","ast-page-background-enabled":"default","ast-page-background-meta":{"desktop":{"background-color":"var(--ast-global-color-5)","background-image":"","background-repeat":"repeat","background-position":"center center","background-size":"auto","background-attachment":"scroll","background-type":"","background-media":"","overlay-type":"","overlay-color":"","overlay-opacity":"","overlay-gradient":""},"tablet":{"background-color":"","background-image":"","background-repeat":"repeat","background-position":"center center","background-size":"auto","background-attachment":"scroll","background-type":"","background-media":"","overlay-type":"","overlay-color":"","overlay-opacity":"","overlay-gradient":""},"mobile":{"background-color":"","background-image":"","background-repeat":"repeat","background-position":"center center","background-size":"auto","background-attachment":"scroll","background-type":"","background-media":"","overlay-type":"","overlay-color":"","overlay-opacity":"","overlay-gradient":""}},"ast-content-background-meta":{"desktop":{"background-color":"var(--ast-global-color-4)","background-image":"","background-repeat":"repeat","background-position":"center center","background-size":"auto","background-attachment":"scroll","background-type":"","background-media":"","overlay-type":"","overlay-color":"","overlay-opacity":"","overlay-gradient":""},"tablet":{"background-color":"var(--ast-global-color-4)","background-image":"","background-repeat":"repeat","background-position":"center center","background-size":"auto","background-attachment":"scroll","background-type":"","background-media":"","overlay-type":"","overlay-color":"","overlay-opacity":"","overlay-gradient":""},"mobile":{"background-color":"var(--ast-global-color-4)","background-image":"","background-repeat":"repeat","background-position":"center center","background-size":"auto","background-attachment":"scroll","background-type":"","background-media":"","overlay-type":"","overlay-color":"","overlay-opacity":"","overlay-gradient":""}},"footnotes":""},"class_list":["post-194","page","type-page","status-publish","hentry"],"_links":{"self":[{"href":"https:\/\/frbio.blogs.ruhr-uni-bochum.de\/index.php\/wp-json\/wp\/v2\/pages\/194","targetHints":{"allow":["GET"]}}],"collection":[{"href":"https:\/\/frbio.blogs.ruhr-uni-bochum.de\/index.php\/wp-json\/wp\/v2\/pages"}],"about":[{"href":"https:\/\/frbio.blogs.ruhr-uni-bochum.de\/index.php\/wp-json\/wp\/v2\/types\/page"}],"author":[{"embeddable":true,"href":"https:\/\/frbio.blogs.ruhr-uni-bochum.de\/index.php\/wp-json\/wp\/v2\/users\/1"}],"replies":[{"embeddable":true,"href":"https:\/\/frbio.blogs.ruhr-uni-bochum.de\/index.php\/wp-json\/wp\/v2\/comments?post=194"}],"version-history":[{"count":1,"href":"https:\/\/frbio.blogs.ruhr-uni-bochum.de\/index.php\/wp-json\/wp\/v2\/pages\/194\/revisions"}],"predecessor-version":[{"id":195,"href":"https:\/\/frbio.blogs.ruhr-uni-bochum.de\/index.php\/wp-json\/wp\/v2\/pages\/194\/revisions\/195"}],"wp:attachment":[{"href":"https:\/\/frbio.blogs.ruhr-uni-bochum.de\/index.php\/wp-json\/wp\/v2\/media?parent=194"}],"curies":[{"name":"wp","href":"https:\/\/api.w.org\/{rel}","templated":true}]}}