{"id":16,"date":"2026-03-18T09:49:37","date_gmt":"2026-03-18T09:49:37","guid":{"rendered":"https:\/\/frbio.blogs.ruhr-uni-bochum.de\/?page_id=16"},"modified":"2026-03-18T09:49:37","modified_gmt":"2026-03-18T09:49:37","slug":"angebote","status":"publish","type":"page","link":"https:\/\/frbio.blogs.ruhr-uni-bochum.de\/index.php\/angebote\/","title":{"rendered":"Angebote"},"content":{"rendered":"\n<p>Der Fachschaftsrat (FSR) bietet Euch eine Reihe von verschiedenen Angeboten. Dazu z\u00e4hlt die u.\u00a0a. die Pflege eines Moodle Kurses mit hilfreichen Informationen f\u00fcr Biologie-Studierende, die Bereitstellung von Ged\u00e4chtnisprotokollen, das Angebot von Beratungs- und Schlichtungsgespr\u00e4chen sowie die Bereitstellung eines Lernraumes. Au\u00dferdem organisiert der FSR Socializing Events (z.B. Grillevents, Spieleabende, usw.).<\/p>\n\n\n\n<div class=\"wp-block-columns is-layout-flex wp-container-core-columns-is-layout-28f84493 wp-block-columns-is-layout-flex\">\n<div class=\"wp-block-column is-layout-flow wp-block-column-is-layout-flow\">\n<p><strong>Moodle<\/strong><br>Der Fachschaftsrat bietet einen Moodle Kurs mit n\u00fctzlichen Informationen f\u00fcr Student:innen an. Hier gehts zum Anmeldeformular f\u00fcr unsern Moodle Kurs.<\/p>\n\n\n\n<p><strong>Ged\u00e4chtnisprotokolle<\/strong><br>F\u00fcr Masterstudierende bieten wir Ged\u00e4chtnisprotokolle f\u00fcr diverse m\u00fcndliche Pr\u00fcfungen an. Bei Interesse meldet Euch einfach \u00fcber unser Kontaktformular Ged\u00e4chtnisprotokolle bei uns. Wichtige Information: Wenn Ihr diesen Service in Anspruch nehmt, verpflichtet Ihr Euch uns im Gegenzug ein Ged\u00e4chtnisprotokoll Eurer m\u00fcndlichen Pr\u00fcfung zukommen zu lassen. Nur so k\u00f6nnen wir langfristig diesen Service weiter anbieten.<\/p>\n<\/div>\n\n\n\n<div class=\"wp-block-column is-layout-flow wp-block-column-is-layout-flow\">\n<p><strong>Sprechstunden<\/strong><br>W\u00e4hrend der Vorlesungszeit bieten eine Reihe von FSR Mitgliedern Sprechstunden an. Hier k\u00f6nnt Ihr unangemeldet vorbeischauen. Wir freuen uns auf Euch!<\/p>\n\n\n\n<p><strong>Pers\u00f6nliches Gespr\u00e4ch<\/strong><br>Wenn Ihr gerade Probleme im Studium habt, Ihr von Euren Studienkollegen einfach mal einen Ratschlag braucht oder Ihr Euch einem unl\u00f6sbaren Problem mit einem Lehrenden gegen\u00fcber seht, dann haben wir ein offenes Ohr f\u00fcr Euch. Bitte vereinbart via Mail ein pers\u00f6nliches Gespr\u00e4ch mit dem FSR Mitglied Eurer Wahl oder wendet Euch via frbio@rub.de an uns.<\/p>\n<\/div>\n<\/div>\n\n\n\n<p><\/p>\n","protected":false},"excerpt":{"rendered":"<p>Der Fachschaftsrat (FSR) bietet Euch eine Reihe von verschiedenen Angeboten. Dazu z\u00e4hlt die u.\u00a0a. die Pflege eines Moodle Kurses mit hilfreichen Informationen f\u00fcr Biologie-Studierende, die Bereitstellung von Ged\u00e4chtnisprotokollen, das Angebot von Beratungs- und Schlichtungsgespr\u00e4chen sowie die Bereitstellung eines Lernraumes. Au\u00dferdem organisiert der FSR Socializing Events (z.B. Grillevents, Spieleabende, usw.). MoodleDer Fachschaftsrat bietet einen Moodle Kurs [&hellip;]<\/p>\n","protected":false},"author":1,"featured_media":0,"parent":0,"menu_order":0,"comment_status":"closed","ping_status":"closed","template":"","meta":{"footnotes":""},"class_list":["post-16","page","type-page","status-publish","hentry"],"_links":{"self":[{"href":"https:\/\/frbio.blogs.ruhr-uni-bochum.de\/index.php\/wp-json\/wp\/v2\/pages\/16","targetHints":{"allow":["GET"]}}],"collection":[{"href":"https:\/\/frbio.blogs.ruhr-uni-bochum.de\/index.php\/wp-json\/wp\/v2\/pages"}],"about":[{"href":"https:\/\/frbio.blogs.ruhr-uni-bochum.de\/index.php\/wp-json\/wp\/v2\/types\/page"}],"author":[{"embeddable":true,"href":"https:\/\/frbio.blogs.ruhr-uni-bochum.de\/index.php\/wp-json\/wp\/v2\/users\/1"}],"replies":[{"embeddable":true,"href":"https:\/\/frbio.blogs.ruhr-uni-bochum.de\/index.php\/wp-json\/wp\/v2\/comments?post=16"}],"version-history":[{"count":2,"href":"https:\/\/frbio.blogs.ruhr-uni-bochum.de\/index.php\/wp-json\/wp\/v2\/pages\/16\/revisions"}],"predecessor-version":[{"id":58,"href":"https:\/\/frbio.blogs.ruhr-uni-bochum.de\/index.php\/wp-json\/wp\/v2\/pages\/16\/revisions\/58"}],"wp:attachment":[{"href":"https:\/\/frbio.blogs.ruhr-uni-bochum.de\/index.php\/wp-json\/wp\/v2\/media?parent=16"}],"curies":[{"name":"wp","href":"https:\/\/api.w.org\/{rel}","templated":true}]}}